

{"id":7717,"date":"2017-09-04T10:55:22","date_gmt":"2017-09-04T08:55:22","guid":{"rendered":"http:\/\/medbouche.com\/portes\/?page_id=7717"},"modified":"2017-10-13T01:07:19","modified_gmt":"2017-10-12T23:07:19","slug":"qui-sommes-nous","status":"publish","type":"page","link":"http:\/\/oukilideco.ma\/?page_id=7717","title":{"rendered":"Qui sommes-nous ?"},"content":{"rendered":"<p>[vc_row css=\u00a0\u00bb.vc_custom_1487087026261{background-color: #f7f5f5 !important;}\u00a0\u00bb][vc_column css=\u00a0\u00bb.vc_custom_1485441809712{margin-top: -335px !important;}\u00a0\u00bb][vc_row_inner row_content_width=\u00a0\u00bbgrid\u00a0\u00bb content_text_aligment=\u00a0\u00bbcenter\u00a0\u00bb css=\u00a0\u00bb.vc_custom_1487086994947{padding-top: 12px !important;background-color: #ffffff !important;}\u00a0\u00bb][vc_column_inner offset=\u00a0\u00bbvc_col-lg-offset-2 vc_col-lg-8&Prime; css=\u00a0\u00bb.vc_custom_1485442946074{padding-right: 5% !important;padding-left: 5% !important;background-color: #ffffff !important;}\u00a0\u00bb][vc_column_text]<\/p>\n<h2>Oukili Group Invest<\/h2>\n<p>[\/vc_column_text][vc_empty_space height=\u00a0\u00bb6px\u00a0\u00bb][vc_column_text]<\/p>\n<p style=\"text-align: left;\">OUKILI GROUP INVEST est une entreprise familiale dirig\u00e9 par des jeunes entrepreneurs cr\u00e9er par la volant\u00e9 de satisfaire et developp\u00e9 le march\u00e9 par leur savoir faire et l&rsquo;adoptation des nouveaux technologie et de meuiserie moderne.<\/p>\n<p style=\"text-align: left;\">Notre groupe \u00e0 mis en place des collaborations avec des fabricant leader en fabrication des portes blind\u00e9es et portes en bois et PVC et des cuisines \u00e9quip\u00e9 de provenance de la turquie, l&rsquo;espaine et l&rsquo;italie pour import\u00e9 les nouveaut\u00e9s du march\u00e9 \u00e0 notre consommateur marocain.<\/p>\n<p style=\"text-align: left;\">Nous faisons l&rsquo;importation, la distribution et l&rsquo;installation de nos produits partout au Maroc pour les particuliers, les promoteurs et les revendeurs,<br \/>\nnos \u00e9quipes des commerciaux et poseurs professionnel nous permettre de trait\u00e9 plusieurs projets en m\u00eame temps pour r\u00e9pondre aux besoin de nos clients en terme de temps ,et d&rsquo;avoir un tr\u00e8s bon rapport qualit\u00e9 prix .<\/p>\n<p>[\/vc_column_text]<div class=\"eltdf-banner-holder\">\n    <div class=\"eltdf-banner-image\">\n\t    <img loading=\"lazy\" decoding=\"async\" width=\"1920\" height=\"787\" src=\"http:\/\/oukilideco.ma\/wp-content\/uploads\/2017\/09\/banner1-2.jpg\" class=\"attachment-full size-full\" alt=\"\" srcset=\"http:\/\/oukilideco.ma\/wp-content\/uploads\/2017\/09\/banner1-2.jpg 1920w, http:\/\/oukilideco.ma\/wp-content\/uploads\/2017\/09\/banner1-2-300x123.jpg 300w, http:\/\/oukilideco.ma\/wp-content\/uploads\/2017\/09\/banner1-2-768x315.jpg 768w, http:\/\/oukilideco.ma\/wp-content\/uploads\/2017\/09\/banner1-2-1024x420.jpg 1024w\" sizes=\"(max-width: 1920px) 100vw, 1920px\" \/>    <\/div>\n\t<div class=\"eltdf-banner-overlay\">\n\t\t<div class=\"eltdf-banner-text-holder\">\n\t\t\t<div class=\"eltdf-banner-text-inner\">\n\t\t\t\t\t\t\t\t\t\t\t\t\t\t\t<\/div>\n\t\t<\/div>\n\t<\/div>\n\t<\/div>[vc_empty_space][\/vc_column_inner][\/vc_row_inner][\/vc_column][\/vc_row]<\/p>\n","protected":false},"excerpt":{"rendered":"<p>[vc_row css=\u00a0\u00bb.vc_custom_1487087026261{background-color: #f7f5f5 !important;}\u00a0\u00bb][vc_column css=\u00a0\u00bb.vc_custom_1485441809712{margin-top: -335px !important;}\u00a0\u00bb][vc_row_inner row_content_width=\u00a0\u00bbgrid\u00a0\u00bb content_text_aligment=\u00a0\u00bbcenter\u00a0\u00bb css=\u00a0\u00bb.vc_custom_1487086994947{padding-top: 12px !important;background-color: #ffffff !important;}\u00a0\u00bb][vc_column_inner offset=\u00a0\u00bbvc_col-lg-offset-2 vc_col-lg-8&Prime; css=\u00a0\u00bb.vc_custom_1485442946074{padding-right: 5% !important;padding-left: 5% !important;background-color: #ffffff !important;}\u00a0\u00bb][vc_column_text] Oukili Group Invest [\/vc_column_text][vc_empty_space height=\u00a0\u00bb6px\u00a0\u00bb][vc_column_text] OUKILI GROUP INVEST est une entreprise familiale dirig\u00e9 par des jeunes entrepreneurs cr\u00e9er par la volant\u00e9 de [&hellip;]<\/p>\n","protected":false},"author":1,"featured_media":0,"parent":0,"menu_order":0,"comment_status":"closed","ping_status":"closed","template":"","meta":{"footnotes":""},"_links":{"self":[{"href":"http:\/\/oukilideco.ma\/index.php?rest_route=\/wp\/v2\/pages\/7717"}],"collection":[{"href":"http:\/\/oukilideco.ma\/index.php?rest_route=\/wp\/v2\/pages"}],"about":[{"href":"http:\/\/oukilideco.ma\/index.php?rest_route=\/wp\/v2\/types\/page"}],"author":[{"embeddable":true,"href":"http:\/\/oukilideco.ma\/index.php?rest_route=\/wp\/v2\/users\/1"}],"replies":[{"embeddable":true,"href":"http:\/\/oukilideco.ma\/index.php?rest_route=%2Fwp%2Fv2%2Fcomments&post=7717"}],"version-history":[{"count":19,"href":"http:\/\/oukilideco.ma\/index.php?rest_route=\/wp\/v2\/pages\/7717\/revisions"}],"predecessor-version":[{"id":8303,"href":"http:\/\/oukilideco.ma\/index.php?rest_route=\/wp\/v2\/pages\/7717\/revisions\/8303"}],"wp:attachment":[{"href":"http:\/\/oukilideco.ma\/index.php?rest_route=%2Fwp%2Fv2%2Fmedia&parent=7717"}],"curies":[{"name":"wp","href":"https:\/\/api.w.org\/{rel}","templated":true}]}}